{"id":1421,"date":"2023-06-09T02:14:57","date_gmt":"2023-06-09T02:14:57","guid":{"rendered":"http:\/\/source.wpopal.com\/marriwe\/?page_id=1421"},"modified":"2023-06-09T02:14:57","modified_gmt":"2023-06-09T02:14:57","slug":"test","status":"publish","type":"page","link":"https:\/\/inarabridal.nl\/nl\/test\/","title":{"rendered":"Test"},"content":{"rendered":"<div data-elementor-type=\"wp-page\" data-elementor-id=\"1421\" class=\"elementor elementor-1421\">\n\t\t\t\t\n\n<div class=\"elementor-element elementor-element-7dcce6d e-flex e-con-boxed e-con e-parent\" data-id=\"7dcce6d\" data-element_type=\"container\" data-e-type=\"container\">\n\t\t\t\t\t<div class=\"e-con-inner\">\n\t\t<div class=\"elementor-element elementor-element-ffdfe75 e-con-full e-flex e-con e-child\" data-id=\"ffdfe75\" data-element_type=\"container\" data-e-type=\"container\">\n\t\t\t\t<div class=\"elementor-element elementor-element-01605b7 elementor-grid-1 elementor-pagination-style-1 elementor-widget elementor-widget-marriwe-post-grid\" data-id=\"01605b7\" data-element_type=\"widget\" data-e-type=\"widget\" data-settings=\"{&quot;column&quot;:&quot;1&quot;,&quot;column_spacing&quot;:{&quot;unit&quot;:&quot;px&quot;,&quot;size&quot;:30,&quot;sizes&quot;:[]}}\" data-widget_type=\"marriwe-post-grid.default\">\n\t\t\t\t<div class=\"elementor-widget-container\">\n\t\t\t\t\t        <div class=\"elementor-post-wrapper layout-post-style-2 marriwe-wrapper\">\n            <div class=\"marriwe-con\">\n                <div class=\"marriwe-con-inner elementor-grid\">\n                                            <div class=\"elementor-posts-item\">\n                            <article class=\"post-style-2\">\n    <div class=\"post-inner\">\n        <div class=\"post-thumbnail\">\n                        <div class=\"entry-thumbnail\">\n                <a href=\"https:\/\/inarabridal.nl\/nl\/a-glamorous-black-tie-arizona-wedding-15-years-in-the-making-11\/\" rel=\"bookmark\"><img fetchpriority=\"high\" decoding=\"async\" width=\"450\" height=\"520\" src=\"https:\/\/inarabridal.nl\/wp-content\/uploads\/2025\/12\/17.jpg\" class=\"attachment-marriwe-post-grid size-marriwe-post-grid wp-post-image\" alt=\"\" srcset=\"https:\/\/inarabridal.nl\/wp-content\/uploads\/2025\/12\/17.jpg 450w, https:\/\/inarabridal.nl\/wp-content\/uploads\/2025\/12\/17-260x300.jpg 260w\" sizes=\"(max-width: 450px) 100vw, 450px\" \/><\/a>            <\/div>\n                    <\/div>\n        <div class=\"post-content\">\n            <div class=\"entry-content\">\n                <div class=\"entry-meta\">\n                    <div class=\"posted-on\"><a href=\"https:\/\/inarabridal.nl\/nl\/a-glamorous-black-tie-arizona-wedding-15-years-in-the-making-11\/\" rel=\"bookmark\">21 december 2025<\/a><\/div>  <div class=\"categories-link\"><span class=\"screen-reader-text\">Categorie\u00ebn<\/span>\n\t<a href=\"https:\/\/inarabridal.nl\/nl\/category\/gelinlikler\/\" rel=\"category tag\">Bruidsjurken<\/a><\/div> <div class=\"post-author\"><span>Post By <a href=\"https:\/\/inarabridal.nl\/nl\/author\/admin\/\" class=\"url fn\" rel=\"author\">admin<\/a><\/span><\/div>                <\/div>\n                <h3 class=\"entry-title\"><a href=\"https:\/\/inarabridal.nl\/nl\/a-glamorous-black-tie-arizona-wedding-15-years-in-the-making-11\/\" rel=\"bookmark\">Trendy kanten bruidsjurken voor 2026<\/a><\/h3>                <div class=\"excerpt-content\">Dantel, bir gelinli\u011fe ruhunu veren en \u00f6zel dokunu\u015ftur. 2026 koleksiyonlar\u0131nda bu ruh, Frans\u0131z dantelinin zarafeti ve modern kesimlerin cesaretiyle bulu\u015fuyor. Bu y\u0131l podyumlarda g\u00f6rd\u00fc\u011f\u00fcm\u00fcz &#8220;heykelsi sil\u00fcetler&#8221;, dantelin o naif yap\u0131s\u0131yla&hellip;<\/div>\n                <div class=\"more-link-wrap\">\n                    <a class=\"more-link\" href=\"https:\/\/inarabridal.nl\/nl\/a-glamorous-black-tie-arizona-wedding-15-years-in-the-making-11\/\">\n                        Read More                    <\/a>\n                <\/div>\n            <\/div>\n        <\/div>\n    <\/div>\n<\/article>\n                        <\/div>\n                                                <div class=\"elementor-posts-item\">\n                            <article class=\"post-style-2\">\n    <div class=\"post-inner\">\n        <div class=\"post-thumbnail\">\n                        <div class=\"entry-thumbnail\">\n                <a href=\"https:\/\/inarabridal.nl\/nl\/a-glamorous-black-tie-arizona-wedding-15-years-in-the-making-10\/\" rel=\"bookmark\"><img decoding=\"async\" width=\"450\" height=\"520\" src=\"https:\/\/inarabridal.nl\/wp-content\/uploads\/2025\/12\/16.jpg\" class=\"attachment-marriwe-post-grid size-marriwe-post-grid wp-post-image\" alt=\"\" srcset=\"https:\/\/inarabridal.nl\/wp-content\/uploads\/2025\/12\/16.jpg 450w, https:\/\/inarabridal.nl\/wp-content\/uploads\/2025\/12\/16-260x300.jpg 260w\" sizes=\"(max-width: 450px) 100vw, 450px\" \/><\/a>            <\/div>\n                    <\/div>\n        <div class=\"post-content\">\n            <div class=\"entry-content\">\n                <div class=\"entry-meta\">\n                    <div class=\"posted-on\"><a href=\"https:\/\/inarabridal.nl\/nl\/a-glamorous-black-tie-arizona-wedding-15-years-in-the-making-10\/\" rel=\"bookmark\">21 december 2025<\/a><\/div>  <div class=\"categories-link\"><span class=\"screen-reader-text\">Categorie\u00ebn<\/span>\n\t<a href=\"https:\/\/inarabridal.nl\/nl\/category\/gelinlikler\/\" rel=\"category tag\">Bruidsjurken<\/a><\/div> <div class=\"post-author\"><span>Post By <a href=\"https:\/\/inarabridal.nl\/nl\/author\/admin\/\" class=\"url fn\" rel=\"author\">admin<\/a><\/span><\/div>                <\/div>\n                <h3 class=\"entry-title\"><a href=\"https:\/\/inarabridal.nl\/nl\/a-glamorous-black-tie-arizona-wedding-15-years-in-the-making-10\/\" rel=\"bookmark\">Unieke bruidsjurken voor het voorjaar van 2026<\/a><\/h3>                <div class=\"excerpt-content\">2026 \u0130lkbahar\u0131: Modern Romantizm ve Botanik Esintiler 2026 \u0130lkbahar gelinlik koleksiyonlar\u0131, geleneksel kal\u0131plar\u0131n d\u0131\u015f\u0131na \u00e7\u0131karak gelinleri adeta birer sanat eserine d\u00f6n\u00fc\u015ft\u00fcr\u00fcyor. Bu sezon, a\u011f\u0131r ve k\u0131s\u0131tlay\u0131c\u0131 kuma\u015flar yerini hareket \u00f6zg\u00fcrl\u00fc\u011f\u00fc&hellip;<\/div>\n                <div class=\"more-link-wrap\">\n                    <a class=\"more-link\" href=\"https:\/\/inarabridal.nl\/nl\/a-glamorous-black-tie-arizona-wedding-15-years-in-the-making-10\/\">\n                        Read More                    <\/a>\n                <\/div>\n            <\/div>\n        <\/div>\n    <\/div>\n<\/article>\n                        <\/div>\n                                        <\/div>\n                            <\/div>\n                    <\/div>\n        \t\t\t\t<\/div>\n\t\t\t\t<\/div>\n\t\t\t\t<\/div>\n\t\t<div class=\"elementor-element elementor-element-c577c48 e-con-full e-flex e-con e-child\" data-id=\"c577c48\" data-element_type=\"container\" data-e-type=\"container\">\n\t\t\t\t<div class=\"elementor-element elementor-element-af4fc7e elementor-grid-1 elementor-pagination-style-1 elementor-widget elementor-widget-marriwe-post-grid\" data-id=\"af4fc7e\" data-element_type=\"widget\" data-e-type=\"widget\" data-settings=\"{&quot;column&quot;:&quot;1&quot;,&quot;column_spacing&quot;:{&quot;unit&quot;:&quot;px&quot;,&quot;size&quot;:30,&quot;sizes&quot;:[]}}\" data-widget_type=\"marriwe-post-grid.default\">\n\t\t\t\t<div class=\"elementor-widget-container\">\n\t\t\t\t\t        <div class=\"elementor-post-wrapper layout-post-style-3 marriwe-wrapper\">\n            <div class=\"marriwe-con\">\n                <div class=\"marriwe-con-inner elementor-grid\">\n                                            <div class=\"elementor-posts-item\">\n                            <div class=\"post-style-3\">\n    <div class=\"post-inner\">\n        <div class=\"post-thumbnail-wrapper\">\n                        <div class=\"entry-thumbnail\">\n                <a href=\"https:\/\/inarabridal.nl\/nl\/a-glamorous-black-tie-arizona-wedding-15-years-in-the-making-11\/\" rel=\"bookmark\"><img fetchpriority=\"high\" decoding=\"async\" width=\"450\" height=\"520\" src=\"https:\/\/inarabridal.nl\/wp-content\/uploads\/2025\/12\/17.jpg\" class=\"attachment-marriwe-post-grid size-marriwe-post-grid wp-post-image\" alt=\"\" srcset=\"https:\/\/inarabridal.nl\/wp-content\/uploads\/2025\/12\/17.jpg 450w, https:\/\/inarabridal.nl\/wp-content\/uploads\/2025\/12\/17-260x300.jpg 260w\" sizes=\"(max-width: 450px) 100vw, 450px\" \/><\/a>            <\/div>\n                    <\/div>\n        <div class=\"post-content\">\n            <div class=\"entry-content\">\n                <div class=\"entry-meta\">\n                    <div class=\"posted-on\"><a href=\"https:\/\/inarabridal.nl\/nl\/a-glamorous-black-tie-arizona-wedding-15-years-in-the-making-11\/\" rel=\"bookmark\">21 december 2025<\/a><\/div>  <div class=\"categories-link\"><span class=\"screen-reader-text\">Categorie\u00ebn<\/span>\n\t<a href=\"https:\/\/inarabridal.nl\/nl\/category\/gelinlikler\/\" rel=\"category tag\">Bruidsjurken<\/a><\/div>                 <\/div>\n                <h3 class=\"entry-title\"><a href=\"https:\/\/inarabridal.nl\/nl\/a-glamorous-black-tie-arizona-wedding-15-years-in-the-making-11\/\" rel=\"bookmark\">Trendy kanten bruidsjurken voor 2026<\/a><\/h3>                <div class=\"more-link-wrap\">\n                    <a class=\"more-link\" href=\"https:\/\/inarabridal.nl\/nl\/a-glamorous-black-tie-arizona-wedding-15-years-in-the-making-11\/\">\n                        <span>Read More<\/span>\n                    <\/a>\n                <\/div>\n            <\/div>\n        <\/div>\n    <\/div>\n<\/div>\n                        <\/div>\n                                        <\/div>\n                            <\/div>\n                    <\/div>\n        \t\t\t\t<\/div>\n\t\t\t\t<\/div>\n\t\t\t\t<\/div>\n\t\t\t\t\t<\/div>\n\t\t\t\t<\/div>\n\t\t\t\t<\/div>","protected":false},"excerpt":{"rendered":"","protected":false},"author":1,"featured_media":0,"parent":0,"menu_order":0,"comment_status":"closed","ping_status":"closed","template":"","meta":{"footnotes":""},"class_list":["post-1421","page","type-page","status-publish","hentry"],"_links":{"self":[{"href":"https:\/\/inarabridal.nl\/nl\/wp-json\/wp\/v2\/pages\/1421","targetHints":{"allow":["GET"]}}],"collection":[{"href":"https:\/\/inarabridal.nl\/nl\/wp-json\/wp\/v2\/pages"}],"about":[{"href":"https:\/\/inarabridal.nl\/nl\/wp-json\/wp\/v2\/types\/page"}],"author":[{"embeddable":true,"href":"https:\/\/inarabridal.nl\/nl\/wp-json\/wp\/v2\/users\/1"}],"replies":[{"embeddable":true,"href":"https:\/\/inarabridal.nl\/nl\/wp-json\/wp\/v2\/comments?post=1421"}],"version-history":[{"count":0,"href":"https:\/\/inarabridal.nl\/nl\/wp-json\/wp\/v2\/pages\/1421\/revisions"}],"wp:attachment":[{"href":"https:\/\/inarabridal.nl\/nl\/wp-json\/wp\/v2\/media?parent=1421"}],"curies":[{"name":"wp","href":"https:\/\/api.w.org\/{rel}","templated":true}]}}