{"id":6357,"date":"2025-12-15T21:22:59","date_gmt":"2025-12-15T18:22:59","guid":{"rendered":"https:\/\/epic-spence.185-106-208-49.plesk.page?page_id=6357"},"modified":"2025-12-16T21:58:56","modified_gmt":"2025-12-16T18:58:56","slug":"randevu-al","status":"publish","type":"page","link":"https:\/\/inarabridal.nl\/nl\/randevu-al\/","title":{"rendered":"Boek een afspraak"},"content":{"rendered":"<div data-elementor-type=\"wp-page\" data-elementor-id=\"6357\" class=\"elementor elementor-6357\">\n\t\t\t\t\n\n<div class=\"elementor-element elementor-element-618ca41 e-flex e-con-boxed e-con e-parent\" data-id=\"618ca41\" data-element_type=\"container\" data-e-type=\"container\">\n\t\t\t\t\t<div class=\"e-con-inner\">\n\t\t<div class=\"elementor-element elementor-element-c26483b e-grid e-con-full e-con e-child\" data-id=\"c26483b\" data-element_type=\"container\" data-e-type=\"container\">\n\t\t\t\t<div class=\"elementor-element elementor-element-b968e3a elementor-widget elementor-widget-marriwe-contactform\" data-id=\"b968e3a\" data-element_type=\"widget\" data-e-type=\"widget\" data-widget_type=\"marriwe-contactform.default\">\n\t\t\t\t<div class=\"elementor-widget-container\">\n\t\t\t\t\t\n<div class=\"wpcf7 no-js\" id=\"wpcf7-f7-o1\" lang=\"tr-TR\" dir=\"ltr\" data-wpcf7-id=\"7\">\n<div class=\"screen-reader-response\"><p role=\"status\" aria-live=\"polite\" aria-atomic=\"true\"><\/p> <ul><\/ul><\/div>\n<form action=\"\/nl\/wp-json\/wp\/v2\/pages\/6357#wpcf7-f7-o1\" method=\"post\" class=\"wpcf7-form init\" aria-label=\"\u0130leti\u015fim Formu\" novalidate=\"novalidate\" data-status=\"init\" data-trp-original-action=\"\/nl\/wp-json\/wp\/v2\/pages\/6357#wpcf7-f7-o1\">\n<fieldset class=\"hidden-fields-container\"><input type=\"hidden\" name=\"_wpcf7\" value=\"7\" \/><input type=\"hidden\" name=\"_wpcf7_version\" value=\"6.1.5\" \/><input type=\"hidden\" name=\"_wpcf7_locale\" value=\"tr_TR\" \/><input type=\"hidden\" name=\"_wpcf7_unit_tag\" value=\"wpcf7-f7-o1\" \/><input type=\"hidden\" name=\"_wpcf7_container_post\" value=\"0\" \/><input type=\"hidden\" name=\"_wpcf7_posted_data_hash\" value=\"\" \/>\n<\/fieldset>\n<p><label> Voornaam Achternaam<br \/>\n<span class=\"wpcf7-form-control-wrap\" data-name=\"your-name\"><input size=\"40\" maxlength=\"400\" class=\"wpcf7-form-control wpcf7-text wpcf7-validates-as-required\" autocomplete=\"name\" aria-required=\"true\" aria-invalid=\"false\" value=\"\" type=\"text\" name=\"your-name\" \/><\/span> <\/label>\n<\/p>\n<p><label> Uw telefoonnummer<br \/>\n<span class=\"wpcf7-form-control-wrap\" data-name=\"tel-247\"><input size=\"40\" maxlength=\"400\" class=\"wpcf7-form-control wpcf7-tel wpcf7-validates-as-required wpcf7-text wpcf7-validates-as-tel\" aria-required=\"true\" aria-invalid=\"false\" value=\"\" type=\"tel\" name=\"tel-247\" \/><\/span> <\/label>\n<\/p>\n<p><label> Geschiedenis<br \/>\n<span class=\"wpcf7-form-control-wrap\" data-name=\"date-194\"><input class=\"wpcf7-form-control wpcf7-date wpcf7-validates-as-required wpcf7-validates-as-date ozel-tarih-stili\" aria-required=\"true\" aria-invalid=\"false\" value=\"\" type=\"date\" name=\"date-194\" \/><\/span><br \/>\n<\/label>\n<\/p>\n<p><label> Uw bericht (optioneel)<br \/>\n<span class=\"wpcf7-form-control-wrap\" data-name=\"your-message\"><textarea cols=\"40\" rows=\"10\" maxlength=\"2000\" class=\"wpcf7-form-control wpcf7-textarea\" aria-invalid=\"false\" name=\"your-message\"><\/textarea><\/span> <\/label>\n<\/p>\n<p><input class=\"wpcf7-form-control wpcf7-submit has-spinner\" type=\"submit\" value=\"Formulier verzenden\" \/>\n<\/p><div class=\"wpcf7-response-output\" aria-hidden=\"true\"><\/div>\n<input type=\"hidden\" name=\"trp-form-language\" value=\"nl\"\/><\/form>\n<\/div>\n\t\t\t\t<\/div>\n\t\t\t\t<\/div>\n\t\t<div class=\"elementor-element elementor-element-5db3a76 e-con-full elementor-hidden-mobile_extra elementor-hidden-mobile e-flex e-con e-child\" data-id=\"5db3a76\" data-element_type=\"container\" data-e-type=\"container\">\n\t\t\t\t<div class=\"elementor-element elementor-element-77b1d82 elementor-position-above content-stretch-yes box-align-center elementor-cta--valign-bottom elementor-bg-transform elementor-bg-transform-zoom-in elementor-widget elementor-widget-marriwe-banner\" data-id=\"77b1d82\" data-element_type=\"widget\" data-e-type=\"widget\" data-widget_type=\"marriwe-banner.default\">\n\t\t\t\t<div class=\"elementor-widget-container\">\n\t\t\t\t\t        <div class=\"elementor-cta--skin-cover  elementor-cta elementor-marriwe-banner\">\n                    <div class=\"elementor-cta__bg-wrapper\">\n                <div class=\"elementor-cta__bg-overlay\"><\/div>\n                <div class=\"elementor-cta__bg elementor-bg\" style=\"background-image: url(https:\/\/inarabridal.nl\/wp-content\/uploads\/2025\/12\/gallery-1.jpg);\"><\/div>\n            <\/div>\n                <div class=\"elementor-cta__content\">\n        <div class=\"elementor-cta__content_inner\">\n                    <div class=\"elementor-cta__subtitle elementor-cta__content-item elementor-content-item\">\n                <div>VUL HET FORMULIER IN<\/div>\n            <\/div>\n        \n                <h3 class=\"elementor-cta__title elementor-cta__content-item elementor-content-item\">\n        Maak direct een afspraak        <\/h3>\n    \n        \n                    <div class=\"elementor-cta__description elementor-cta__content-item elementor-content-item\">\n                Maak nu meteen een gratis afspraak om al onze exclusieve modellen te bekijken en te profiteren van onze voordelige prijzen.            <\/div>\n        \n                <\/div>\n        <\/div>\n        <\/div>\n        \t\t\t\t<\/div>\n\t\t\t\t<\/div>\n\t\t\t\t<\/div>\n\t\t\t\t<\/div>\n\t\t\t\t\t<\/div>\n\t\t\t\t<\/div>\n\t\t\t\t<\/div>","protected":false},"excerpt":{"rendered":"<p>Ad\u0131n\u0131z Telefon Numaran\u0131z Tarih \u0130letiniz (tercihe ba\u011fl\u0131) FORMU DOLDURUN Hemen Randevu Al\u0131n T\u00fcm se\u00e7kin modellerimizi g\u00f6rmek ve avantajl\u0131 fiyatlar\u0131m\u0131zdan yararlanmak i\u00e7in hemen \u00fccretsiz bir randevu olu\u015fturun.<\/p>","protected":false},"author":1,"featured_media":0,"parent":0,"menu_order":0,"comment_status":"closed","ping_status":"closed","template":"","meta":{"footnotes":""},"class_list":["post-6357","page","type-page","status-publish","hentry"],"_links":{"self":[{"href":"https:\/\/inarabridal.nl\/nl\/wp-json\/wp\/v2\/pages\/6357","targetHints":{"allow":["GET"]}}],"collection":[{"href":"https:\/\/inarabridal.nl\/nl\/wp-json\/wp\/v2\/pages"}],"about":[{"href":"https:\/\/inarabridal.nl\/nl\/wp-json\/wp\/v2\/types\/page"}],"author":[{"embeddable":true,"href":"https:\/\/inarabridal.nl\/nl\/wp-json\/wp\/v2\/users\/1"}],"replies":[{"embeddable":true,"href":"https:\/\/inarabridal.nl\/nl\/wp-json\/wp\/v2\/comments?post=6357"}],"version-history":[{"count":65,"href":"https:\/\/inarabridal.nl\/nl\/wp-json\/wp\/v2\/pages\/6357\/revisions"}],"predecessor-version":[{"id":6453,"href":"https:\/\/inarabridal.nl\/nl\/wp-json\/wp\/v2\/pages\/6357\/revisions\/6453"}],"wp:attachment":[{"href":"https:\/\/inarabridal.nl\/nl\/wp-json\/wp\/v2\/media?parent=6357"}],"curies":[{"name":"wp","href":"https:\/\/api.w.org\/{rel}","templated":true}]}}