{"id":6513,"date":"2025-12-21T12:10:14","date_gmt":"2025-12-21T09:10:14","guid":{"rendered":"https:\/\/epic-spence.185-106-208-49.plesk.page\/?post_type=product&#038;p=6513"},"modified":"2025-12-21T12:10:14","modified_gmt":"2025-12-21T09:10:14","slug":"kat-kat-tul-etegi-ile-asil-sade-ve-sik-helen-gelinlik-korse-modelli-kedi-kulagi-yaka-ve-gogus-kisminda-inci-detaylari-ile-dikkat-ceken-helen-model-gelinlik","status":"publish","type":"product","link":"https:\/\/inarabridal.nl\/nl\/gelinlikler\/kat-kat-tul-etegi-ile-asil-sade-ve-sik-helen-gelinlik-korse-modelli-kedi-kulagi-yaka-ve-gogus-kisminda-inci-detaylari-ile-dikkat-ceken-helen-model-gelinlik\/","title":{"rendered":"Edele, eenvoudige en elegante Helen trouwjurk met gelaagde tule rok, Helen model trouwjurk met korset model, kattenoor kraag en parel details op de borst deel"},"content":{"rendered":"","protected":false},"excerpt":{"rendered":"<p>Kat Kat T\u00fcl Ete\u011fi \u0130le Asil, Sade Ve \u015e\u0131k Helen Gelinlik; Korse Modelli, Kedi Kula\u011f\u0131 Yaka Ve G\u00f6\u011f\u00fcs K\u0131sm\u0131nda \u0130nci Detaylar\u0131 \u0130le Dikkat \u00c7eken Helen Model Gelinlik<\/p>","protected":false},"featured_media":6514,"template":"","meta":[],"product_cat":[102],"product_tag":[],"class_list":{"0":"post-6513","1":"product","2":"type-product","3":"status-publish","4":"has-post-thumbnail","6":"product_cat-helen","8":"first","9":"instock","10":"shipping-taxable","11":"product-type-simple"},"_links":{"self":[{"href":"https:\/\/inarabridal.nl\/nl\/wp-json\/wp\/v2\/product\/6513","targetHints":{"allow":["GET"]}}],"collection":[{"href":"https:\/\/inarabridal.nl\/nl\/wp-json\/wp\/v2\/product"}],"about":[{"href":"https:\/\/inarabridal.nl\/nl\/wp-json\/wp\/v2\/types\/product"}],"wp:featuredmedia":[{"embeddable":true,"href":"https:\/\/inarabridal.nl\/nl\/wp-json\/wp\/v2\/media\/6514"}],"wp:attachment":[{"href":"https:\/\/inarabridal.nl\/nl\/wp-json\/wp\/v2\/media?parent=6513"}],"wp:term":[{"taxonomy":"product_cat","embeddable":true,"href":"https:\/\/inarabridal.nl\/nl\/wp-json\/wp\/v2\/product_cat?post=6513"},{"taxonomy":"product_tag","embeddable":true,"href":"https:\/\/inarabridal.nl\/nl\/wp-json\/wp\/v2\/product_tag?post=6513"}],"curies":[{"name":"wp","href":"https:\/\/api.w.org\/{rel}","templated":true}]}}