{"id":206,"date":"2023-06-03T08:35:52","date_gmt":"2023-06-03T08:35:52","guid":{"rendered":"http:\/\/source.wpopal.com\/marriwe\/about-us\/"},"modified":"2025-12-21T13:37:44","modified_gmt":"2025-12-21T10:37:44","slug":"hakkimizda","status":"publish","type":"page","link":"https:\/\/inarabridal.nl\/tr_tr\/hakkimizda\/","title":{"rendered":"Hakk\u0131m\u0131zda"},"content":{"rendered":"\t\t<div data-elementor-type=\"wp-page\" data-elementor-id=\"206\" class=\"elementor elementor-206\">\n\t\t\t\t\n\n<div class=\"elementor-element elementor-element-46f9105 e-flex e-con-boxed e-con e-parent\" data-id=\"46f9105\" data-element_type=\"container\" data-e-type=\"container\" data-settings=\"{&quot;background_background&quot;:&quot;classic&quot;}\">\n\t\t\t\t\t<div class=\"e-con-inner\">\n\t\t<div class=\"elementor-element elementor-element-9e4790d e-con-full e-flex e-con e-child\" data-id=\"9e4790d\" data-element_type=\"container\" data-e-type=\"container\">\n\t\t\t\t<div class=\"elementor-element elementor-element-31f55ff subtitle-position-above elementor-mobile-align-center elementor-widget elementor-widget-marriwe-heading\" data-id=\"31f55ff\" data-element_type=\"widget\" data-e-type=\"widget\" data-widget_type=\"marriwe-heading.default\">\n\t\t\t\t<div class=\"elementor-widget-container\">\n\t\t\t\t\t<div class=\"elementor-heading-wrapper-inner\"><h2 class=\"elementor-heading-title elementor-size-default\">Bir D\u00fc\u011f\u00fcn Hikayesi<\/h2><div class=\"elementor-sub-title\">\u00d6zel G\u00fcn\u00fcn\u00fcz<\/div><\/div>\t\t\t\t<\/div>\n\t\t\t\t<\/div>\n\t\t\t\t<div class=\"elementor-element elementor-element-04303d1 elementor-widget__width-initial elementor-widget-mobile_extra__width-inherit elementor-widget elementor-widget-text-editor\" data-id=\"04303d1\" data-element_type=\"widget\" data-e-type=\"widget\" data-widget_type=\"text-editor.default\">\n\t\t\t\t\t\t\t\t\t<p>Gelinlik giymenin rahats\u0131z edici veya kal\u0131plara sokulmas\u0131 gerekti\u011fini d\u00fc\u015f\u00fcnm\u00fcyoruz. Kendiniz gibi hissetmemeniz i\u00e7in bask\u0131 alt\u0131nda kalman\u0131z gerekti\u011fini d\u00fc\u015f\u00fcnm\u00fcyoruz.<\/p>\t\t\t\t\t\t\t\t<\/div>\n\t\t\t\t<div class=\"elementor-element elementor-element-c4ca761 elementor-widget__width-initial elementor-widget-mobile_extra__width-inherit elementor-widget elementor-widget-text-editor\" data-id=\"c4ca761\" data-element_type=\"widget\" data-e-type=\"widget\" data-widget_type=\"text-editor.default\">\n\t\t\t\t\t\t\t\t\t<p>Elbiselerimiz s\u0131ra d\u0131\u015f\u0131, v\u00fccut hatlar\u0131n\u0131 vurgulayan ve her \u015feyden \u00f6nemlisi rahat. Gelinlik d\u00fcnyas\u0131nda \u00f6ne \u00e7\u0131kmak ve misafirlerinizin sizi oldu\u011funuz gibi kabul edip selamlamas\u0131n\u0131 sa\u011flamak i\u00e7in tasarland\u0131lar.<\/p>\t\t\t\t\t\t\t\t<\/div>\n\t\t\t\t<\/div>\n\t\t<div class=\"elementor-element elementor-element-f78a985 e-con-full e-flex e-con e-child\" data-id=\"f78a985\" data-element_type=\"container\" data-e-type=\"container\">\n\t\t\t\t<div class=\"elementor-element elementor-element-ee6dcf5 elementor-absolute elementor-hidden-tablet_extra elementor-hidden-mobile elementor-widget elementor-widget-image\" data-id=\"ee6dcf5\" data-element_type=\"widget\" data-e-type=\"widget\" data-settings=\"{&quot;_position&quot;:&quot;absolute&quot;}\" data-widget_type=\"image.default\">\n\t\t\t\t\t\t\t\t\t\t\t\t\t\t\t<img fetchpriority=\"high\" decoding=\"async\" width=\"380\" height=\"560\" src=\"https:\/\/inarabridal.nl\/wp-content\/uploads\/2023\/06\/about-img-01.jpg\" class=\"attachment-full size-full wp-image-2440\" alt=\"\" srcset=\"https:\/\/inarabridal.nl\/wp-content\/uploads\/2023\/06\/about-img-01.jpg 380w, https:\/\/inarabridal.nl\/wp-content\/uploads\/2023\/06\/about-img-01-204x300.jpg 204w\" sizes=\"(max-width: 380px) 100vw, 380px\" \/>\t\t\t\t\t\t\t\t\t\t\t\t\t\t\t<\/div>\n\t\t\t\t<\/div>\n\t\t\t\t<div class=\"elementor-element elementor-element-21ef874 elementor-absolute e-transform elementor-hidden-laptop elementor-hidden-tablet_extra elementor-hidden-tablet elementor-hidden-mobile_extra elementor-hidden-mobile elementor-widget elementor-widget-image\" data-id=\"21ef874\" data-element_type=\"widget\" data-e-type=\"widget\" data-settings=\"{&quot;_position&quot;:&quot;absolute&quot;,&quot;_transform_flipX_effect&quot;:&quot;transform&quot;}\" data-widget_type=\"image.default\">\n\t\t\t\t\t\t\t\t\t\t\t\t\t\t\t<img decoding=\"async\" width=\"257\" height=\"277\" src=\"https:\/\/inarabridal.nl\/wp-content\/uploads\/2023\/06\/slider-h1-vector-8-min.png\" class=\"attachment-full size-full wp-image-311\" alt=\"\" \/>\t\t\t\t\t\t\t\t\t\t\t\t\t\t\t<\/div>\n\t\t\t\t\t<\/div>\n\t\t\t\t<\/div>\n\t\t\t\t<\/div>\n\t\t","protected":false},"excerpt":{"rendered":"<p>Bir D\u00fc\u011f\u00fcn Hikayesi \u00d6zel G\u00fcn\u00fcn\u00fcz Gelinlik giymenin rahats\u0131z edici veya kal\u0131plara sokulmas\u0131 gerekti\u011fini d\u00fc\u015f\u00fcnm\u00fcyoruz. Kendiniz gibi hissetmemeniz i\u00e7in bask\u0131 alt\u0131nda kalman\u0131z gerekti\u011fini d\u00fc\u015f\u00fcnm\u00fcyoruz. Elbiselerimiz s\u0131ra d\u0131\u015f\u0131, v\u00fccut hatlar\u0131n\u0131 vurgulayan ve her \u015feyden \u00f6nemlisi rahat. Gelinlik d\u00fcnyas\u0131nda \u00f6ne \u00e7\u0131kmak ve misafirlerinizin sizi oldu\u011funuz gibi kabul edip selamlamas\u0131n\u0131 sa\u011flamak i\u00e7in tasarland\u0131lar.<\/p>\n","protected":false},"author":1,"featured_media":0,"parent":0,"menu_order":0,"comment_status":"closed","ping_status":"closed","template":"","meta":{"footnotes":""},"class_list":["post-206","page","type-page","status-publish","hentry"],"_links":{"self":[{"href":"https:\/\/inarabridal.nl\/tr_tr\/wp-json\/wp\/v2\/pages\/206","targetHints":{"allow":["GET"]}}],"collection":[{"href":"https:\/\/inarabridal.nl\/tr_tr\/wp-json\/wp\/v2\/pages"}],"about":[{"href":"https:\/\/inarabridal.nl\/tr_tr\/wp-json\/wp\/v2\/types\/page"}],"author":[{"embeddable":true,"href":"https:\/\/inarabridal.nl\/tr_tr\/wp-json\/wp\/v2\/users\/1"}],"replies":[{"embeddable":true,"href":"https:\/\/inarabridal.nl\/tr_tr\/wp-json\/wp\/v2\/comments?post=206"}],"version-history":[{"count":13,"href":"https:\/\/inarabridal.nl\/tr_tr\/wp-json\/wp\/v2\/pages\/206\/revisions"}],"predecessor-version":[{"id":6598,"href":"https:\/\/inarabridal.nl\/tr_tr\/wp-json\/wp\/v2\/pages\/206\/revisions\/6598"}],"wp:attachment":[{"href":"https:\/\/inarabridal.nl\/tr_tr\/wp-json\/wp\/v2\/media?parent=206"}],"curies":[{"name":"wp","href":"https:\/\/api.w.org\/{rel}","templated":true}]}}