{"id":6496,"date":"2025-12-21T11:37:52","date_gmt":"2025-12-21T08:37:52","guid":{"rendered":"https:\/\/epic-spence.185-106-208-49.plesk.page\/?post_type=product&#038;p=6496"},"modified":"2025-12-21T11:37:52","modified_gmt":"2025-12-21T08:37:52","slug":"zarif-yuksek-yaka-dantel-islemeli-kolsuz-el-isciligi-dantel-ve-boncuk-islemeli-balik-model-gelinlik","status":"publish","type":"product","link":"https:\/\/inarabridal.nl\/tr_tr\/gelinlikler\/zarif-yuksek-yaka-dantel-islemeli-kolsuz-el-isciligi-dantel-ve-boncuk-islemeli-balik-model-gelinlik\/","title":{"rendered":"Zarif Y\u00fcksek Yaka Dantel \u0130\u015flemeli, Kolsuz El \u0130\u015f\u00e7ili\u011fi Dantel ve Boncuk \u0130\u015flemeli Bal\u0131k Model Gelinlik"},"content":{"rendered":"","protected":false},"excerpt":{"rendered":"<p>Zarif Y\u00fcksek Yaka Dantel \u0130\u015flemeli, Kolsuz El \u0130\u015f\u00e7ili\u011fi Dantel ve Boncuk \u0130\u015flemeli Bal\u0131k Model Gelinlik<\/p>\n","protected":false},"featured_media":6497,"template":"","meta":[],"product_cat":[101],"product_tag":[],"class_list":{"0":"post-6496","1":"product","2":"type-product","3":"status-publish","4":"has-post-thumbnail","6":"product_cat-balik-model","8":"first","9":"instock","10":"shipping-taxable","11":"product-type-simple"},"_links":{"self":[{"href":"https:\/\/inarabridal.nl\/tr_tr\/wp-json\/wp\/v2\/product\/6496","targetHints":{"allow":["GET"]}}],"collection":[{"href":"https:\/\/inarabridal.nl\/tr_tr\/wp-json\/wp\/v2\/product"}],"about":[{"href":"https:\/\/inarabridal.nl\/tr_tr\/wp-json\/wp\/v2\/types\/product"}],"wp:featuredmedia":[{"embeddable":true,"href":"https:\/\/inarabridal.nl\/tr_tr\/wp-json\/wp\/v2\/media\/6497"}],"wp:attachment":[{"href":"https:\/\/inarabridal.nl\/tr_tr\/wp-json\/wp\/v2\/media?parent=6496"}],"wp:term":[{"taxonomy":"product_cat","embeddable":true,"href":"https:\/\/inarabridal.nl\/tr_tr\/wp-json\/wp\/v2\/product_cat?post=6496"},{"taxonomy":"product_tag","embeddable":true,"href":"https:\/\/inarabridal.nl\/tr_tr\/wp-json\/wp\/v2\/product_tag?post=6496"}],"curies":[{"name":"wp","href":"https:\/\/api.w.org\/{rel}","templated":true}]}}