{"id":6504,"date":"2025-12-21T11:56:55","date_gmt":"2025-12-21T08:56:55","guid":{"rendered":"https:\/\/epic-spence.185-106-208-49.plesk.page\/?post_type=product&#038;p=6504"},"modified":"2025-12-21T11:56:55","modified_gmt":"2025-12-21T08:56:55","slug":"el-isciligin-ihtisamini-yansitan-bu-a-kesim-gelinlik-kalp-yaka-ve-seffaf-uzun-kollari-kat-kat-tul-etegiyle-muhtesem-bir-model","status":"publish","type":"product","link":"https:\/\/inarabridal.nl\/tr_tr\/gelinlikler\/el-isciligin-ihtisamini-yansitan-bu-a-kesim-gelinlik-kalp-yaka-ve-seffaf-uzun-kollari-kat-kat-tul-etegiyle-muhtesem-bir-model\/","title":{"rendered":"El \u0130\u015f\u00e7ili\u011fin \u0130hti\u015fam\u0131n\u0131 Yans\u0131tan Bu A Kesim Gelinlik, Kalp Yaka ve \u015eeffaf Uzun Kollar\u0131, Kat Kat T\u00fcl Ete\u011fiyle Muhte\u015fem Bir Model"},"content":{"rendered":"","protected":false},"excerpt":{"rendered":"<p>El \u0130\u015f\u00e7ili\u011fin \u0130hti\u015fam\u0131n\u0131 Yans\u0131tan Bu A Kesim Gelinlik, Kalp Yaka ve \u015eeffaf Uzun Kollar\u0131, Kat Kat T\u00fcl Ete\u011fiyle Muhte\u015fem Bir Model<\/p>\n","protected":false},"featured_media":6505,"template":"","meta":[],"product_cat":[93],"product_tag":[],"class_list":{"0":"post-6504","1":"product","2":"type-product","3":"status-publish","4":"has-post-thumbnail","6":"product_cat-a-kesim","8":"first","9":"instock","10":"shipping-taxable","11":"product-type-simple"},"_links":{"self":[{"href":"https:\/\/inarabridal.nl\/tr_tr\/wp-json\/wp\/v2\/product\/6504","targetHints":{"allow":["GET"]}}],"collection":[{"href":"https:\/\/inarabridal.nl\/tr_tr\/wp-json\/wp\/v2\/product"}],"about":[{"href":"https:\/\/inarabridal.nl\/tr_tr\/wp-json\/wp\/v2\/types\/product"}],"wp:featuredmedia":[{"embeddable":true,"href":"https:\/\/inarabridal.nl\/tr_tr\/wp-json\/wp\/v2\/media\/6505"}],"wp:attachment":[{"href":"https:\/\/inarabridal.nl\/tr_tr\/wp-json\/wp\/v2\/media?parent=6504"}],"wp:term":[{"taxonomy":"product_cat","embeddable":true,"href":"https:\/\/inarabridal.nl\/tr_tr\/wp-json\/wp\/v2\/product_cat?post=6504"},{"taxonomy":"product_tag","embeddable":true,"href":"https:\/\/inarabridal.nl\/tr_tr\/wp-json\/wp\/v2\/product_tag?post=6504"}],"curies":[{"name":"wp","href":"https:\/\/api.w.org\/{rel}","templated":true}]}}