{"id":6508,"date":"2025-12-21T12:02:19","date_gmt":"2025-12-21T09:02:19","guid":{"rendered":"https:\/\/epic-spence.185-106-208-49.plesk.page\/?post_type=product&#038;p=6508"},"modified":"2025-12-21T12:02:19","modified_gmt":"2025-12-21T09:02:19","slug":"muhtesem-el-isciligi-ve-gogus-detaylarinda-inci-detayli-bu-a-kesim-gelinlik-ince-askili-kalp-yakasi-ve-v-kesim-bel-modeliyle-bele-oturan-sik-bir-a-kesim-gelinlik","status":"publish","type":"product","link":"https:\/\/inarabridal.nl\/tr_tr\/gelinlikler\/muhtesem-el-isciligi-ve-gogus-detaylarinda-inci-detayli-bu-a-kesim-gelinlik-ince-askili-kalp-yakasi-ve-v-kesim-bel-modeliyle-bele-oturan-sik-bir-a-kesim-gelinlik\/","title":{"rendered":"Muhte\u015fem El \u0130\u015f\u00e7ili\u011fi ve G\u00f6\u011f\u00fcs Detaylar\u0131nda \u0130nci Detayl\u0131 Bu A Kesim gelinlik, \u0130nce Ask\u0131l\u0131 Kalp Yakas\u0131 ve V Kesim Bel Modeliyle Bele Oturan \u015e\u0131k Bir A Kesim Gelinlik"},"content":{"rendered":"","protected":false},"excerpt":{"rendered":"<p>Muhte\u015fem El \u0130\u015f\u00e7ili\u011fi ve G\u00f6\u011f\u00fcs Detaylar\u0131nda \u0130nci Detayl\u0131 Bu A Kesim gelinlik, \u0130nce Ask\u0131l\u0131 Kalp Yakas\u0131 ve V Kesim Bel Modeliyle Bele Oturan \u015e\u0131k Bir A Kesim Gelinlik<\/p>\n","protected":false},"featured_media":6509,"template":"","meta":[],"product_cat":[93],"product_tag":[],"class_list":{"0":"post-6508","1":"product","2":"type-product","3":"status-publish","4":"has-post-thumbnail","6":"product_cat-a-kesim","8":"first","9":"instock","10":"shipping-taxable","11":"product-type-simple"},"_links":{"self":[{"href":"https:\/\/inarabridal.nl\/tr_tr\/wp-json\/wp\/v2\/product\/6508","targetHints":{"allow":["GET"]}}],"collection":[{"href":"https:\/\/inarabridal.nl\/tr_tr\/wp-json\/wp\/v2\/product"}],"about":[{"href":"https:\/\/inarabridal.nl\/tr_tr\/wp-json\/wp\/v2\/types\/product"}],"wp:featuredmedia":[{"embeddable":true,"href":"https:\/\/inarabridal.nl\/tr_tr\/wp-json\/wp\/v2\/media\/6509"}],"wp:attachment":[{"href":"https:\/\/inarabridal.nl\/tr_tr\/wp-json\/wp\/v2\/media?parent=6508"}],"wp:term":[{"taxonomy":"product_cat","embeddable":true,"href":"https:\/\/inarabridal.nl\/tr_tr\/wp-json\/wp\/v2\/product_cat?post=6508"},{"taxonomy":"product_tag","embeddable":true,"href":"https:\/\/inarabridal.nl\/tr_tr\/wp-json\/wp\/v2\/product_tag?post=6508"}],"curies":[{"name":"wp","href":"https:\/\/api.w.org\/{rel}","templated":true}]}}