{"id":6515,"date":"2025-12-21T12:11:03","date_gmt":"2025-12-21T09:11:03","guid":{"rendered":"https:\/\/epic-spence.185-106-208-49.plesk.page\/?post_type=product&#038;p=6515"},"modified":"2025-12-21T12:11:03","modified_gmt":"2025-12-21T09:11:03","slug":"mukemmel-dantel-sikligi-ile-bu-helen-gelinlik-off-shoulder-uzun-kol-ve-beli-v-kesim-harika-bir-fransiz-dantelli-helen-model-gelinlik","status":"publish","type":"product","link":"https:\/\/inarabridal.nl\/tr_tr\/gelinlikler\/mukemmel-dantel-sikligi-ile-bu-helen-gelinlik-off-shoulder-uzun-kol-ve-beli-v-kesim-harika-bir-fransiz-dantelli-helen-model-gelinlik\/","title":{"rendered":"M\u00fckemmel Dantel \u015e\u0131kl\u0131\u011f\u0131 \u0130le Bu Helen Gelinlik; Off-Shoulder Uzun Kol Ve Beli V Kesim, Harika Bir Frans\u0131z Dantelli Helen Model Gelinlik"},"content":{"rendered":"","protected":false},"excerpt":{"rendered":"<p>M\u00fckemmel Dantel \u015e\u0131kl\u0131\u011f\u0131 \u0130le Bu Helen Gelinlik; Off-Shoulder Uzun Kol Ve Beli V Kesim, Harika Bir Frans\u0131z Dantelli Helen Model Gelinlik<\/p>\n","protected":false},"featured_media":6516,"template":"","meta":[],"product_cat":[102],"product_tag":[],"class_list":{"0":"post-6515","1":"product","2":"type-product","3":"status-publish","4":"has-post-thumbnail","6":"product_cat-helen","8":"first","9":"instock","10":"shipping-taxable","11":"product-type-simple"},"_links":{"self":[{"href":"https:\/\/inarabridal.nl\/tr_tr\/wp-json\/wp\/v2\/product\/6515","targetHints":{"allow":["GET"]}}],"collection":[{"href":"https:\/\/inarabridal.nl\/tr_tr\/wp-json\/wp\/v2\/product"}],"about":[{"href":"https:\/\/inarabridal.nl\/tr_tr\/wp-json\/wp\/v2\/types\/product"}],"wp:featuredmedia":[{"embeddable":true,"href":"https:\/\/inarabridal.nl\/tr_tr\/wp-json\/wp\/v2\/media\/6516"}],"wp:attachment":[{"href":"https:\/\/inarabridal.nl\/tr_tr\/wp-json\/wp\/v2\/media?parent=6515"}],"wp:term":[{"taxonomy":"product_cat","embeddable":true,"href":"https:\/\/inarabridal.nl\/tr_tr\/wp-json\/wp\/v2\/product_cat?post=6515"},{"taxonomy":"product_tag","embeddable":true,"href":"https:\/\/inarabridal.nl\/tr_tr\/wp-json\/wp\/v2\/product_tag?post=6515"}],"curies":[{"name":"wp","href":"https:\/\/api.w.org\/{rel}","templated":true}]}}