{"id":6520,"date":"2025-12-21T12:19:37","date_gmt":"2025-12-21T09:19:37","guid":{"rendered":"https:\/\/epic-spence.185-106-208-49.plesk.page\/?post_type=product&#038;p=6520"},"modified":"2025-12-21T12:19:37","modified_gmt":"2025-12-21T09:19:37","slug":"el-isciligi-ve-isiltili-kumas-detayli-transparan-tul-kollu-ve-dugme-detayli-korsajli-prenses-gelinlik","status":"publish","type":"product","link":"https:\/\/inarabridal.nl\/tr_tr\/gelinlikler\/el-isciligi-ve-isiltili-kumas-detayli-transparan-tul-kollu-ve-dugme-detayli-korsajli-prenses-gelinlik\/","title":{"rendered":"El \u0130\u015f\u00e7ili\u011fi Ve I\u015f\u0131lt\u0131l\u0131 Kuma\u015f Detayl\u0131, Transparan T\u00fcl Kollu Ve D\u00fc\u011fme Detayl\u0131 Korsajl\u0131 Prenses Gelinlik"},"content":{"rendered":"","protected":false},"excerpt":{"rendered":"<p>El \u0130\u015f\u00e7ili\u011fi Ve I\u015f\u0131lt\u0131l\u0131 Kuma\u015f Detayl\u0131, Transparan T\u00fcl Kollu Ve D\u00fc\u011fme Detayl\u0131 Korsajl\u0131 Prenses Gelinlik<\/p>\n","protected":false},"featured_media":6521,"template":"","meta":[],"product_cat":[94],"product_tag":[],"class_list":{"0":"post-6520","1":"product","2":"type-product","3":"status-publish","4":"has-post-thumbnail","6":"product_cat-prenses","8":"first","9":"instock","10":"shipping-taxable","11":"product-type-simple"},"_links":{"self":[{"href":"https:\/\/inarabridal.nl\/tr_tr\/wp-json\/wp\/v2\/product\/6520","targetHints":{"allow":["GET"]}}],"collection":[{"href":"https:\/\/inarabridal.nl\/tr_tr\/wp-json\/wp\/v2\/product"}],"about":[{"href":"https:\/\/inarabridal.nl\/tr_tr\/wp-json\/wp\/v2\/types\/product"}],"wp:featuredmedia":[{"embeddable":true,"href":"https:\/\/inarabridal.nl\/tr_tr\/wp-json\/wp\/v2\/media\/6521"}],"wp:attachment":[{"href":"https:\/\/inarabridal.nl\/tr_tr\/wp-json\/wp\/v2\/media?parent=6520"}],"wp:term":[{"taxonomy":"product_cat","embeddable":true,"href":"https:\/\/inarabridal.nl\/tr_tr\/wp-json\/wp\/v2\/product_cat?post=6520"},{"taxonomy":"product_tag","embeddable":true,"href":"https:\/\/inarabridal.nl\/tr_tr\/wp-json\/wp\/v2\/product_tag?post=6520"}],"curies":[{"name":"wp","href":"https:\/\/api.w.org\/{rel}","templated":true}]}}