{"id":6527,"date":"2025-12-21T12:23:32","date_gmt":"2025-12-21T09:23:32","guid":{"rendered":"https:\/\/epic-spence.185-106-208-49.plesk.page\/?post_type=product&#038;p=6527"},"modified":"2025-12-21T12:23:32","modified_gmt":"2025-12-21T09:23:32","slug":"straplez-formunda-tasarlanan-kristal-ve-isiltili-tas-islemeli-bu-gelinlik-bele-oturan-yapisi-ve-dolgun-etegiyle-etkileyici-bir-model","status":"publish","type":"product","link":"https:\/\/inarabridal.nl\/tr_tr\/gelinlikler\/straplez-formunda-tasarlanan-kristal-ve-isiltili-tas-islemeli-bu-gelinlik-bele-oturan-yapisi-ve-dolgun-etegiyle-etkileyici-bir-model\/","title":{"rendered":"Straplez Formunda Tasarlanan Kristal Ve I\u015f\u0131lt\u0131l\u0131 Ta\u015f \u0130\u015flemeli Bu Gelinlik Bele Oturan Yap\u0131s\u0131 Ve Dolgun Ete\u011fiyle Etkileyici Bir Model"},"content":{"rendered":"","protected":false},"excerpt":{"rendered":"<p>Straplez Formunda Tasarlanan Kristal Ve I\u015f\u0131lt\u0131l\u0131 Ta\u015f \u0130\u015flemeli Bu Gelinlik Bele Oturan Yap\u0131s\u0131 Ve Dolgun Ete\u011fiyle Etkileyici Bir Model<\/p>\n","protected":false},"featured_media":6528,"template":"","meta":[],"product_cat":[94],"product_tag":[],"class_list":{"0":"post-6527","1":"product","2":"type-product","3":"status-publish","4":"has-post-thumbnail","6":"product_cat-prenses","8":"first","9":"instock","10":"shipping-taxable","11":"product-type-simple"},"_links":{"self":[{"href":"https:\/\/inarabridal.nl\/tr_tr\/wp-json\/wp\/v2\/product\/6527","targetHints":{"allow":["GET"]}}],"collection":[{"href":"https:\/\/inarabridal.nl\/tr_tr\/wp-json\/wp\/v2\/product"}],"about":[{"href":"https:\/\/inarabridal.nl\/tr_tr\/wp-json\/wp\/v2\/types\/product"}],"wp:featuredmedia":[{"embeddable":true,"href":"https:\/\/inarabridal.nl\/tr_tr\/wp-json\/wp\/v2\/media\/6528"}],"wp:attachment":[{"href":"https:\/\/inarabridal.nl\/tr_tr\/wp-json\/wp\/v2\/media?parent=6527"}],"wp:term":[{"taxonomy":"product_cat","embeddable":true,"href":"https:\/\/inarabridal.nl\/tr_tr\/wp-json\/wp\/v2\/product_cat?post=6527"},{"taxonomy":"product_tag","embeddable":true,"href":"https:\/\/inarabridal.nl\/tr_tr\/wp-json\/wp\/v2\/product_tag?post=6527"}],"curies":[{"name":"wp","href":"https:\/\/api.w.org\/{rel}","templated":true}]}}