{"id":6533,"date":"2025-12-21T12:27:45","date_gmt":"2025-12-21T09:27:45","guid":{"rendered":"https:\/\/epic-spence.185-106-208-49.plesk.page\/?post_type=product&#038;p=6533"},"modified":"2025-12-21T12:27:45","modified_gmt":"2025-12-21T09:27:45","slug":"a-kesim-dantel-ve-islemeli-detayli-gelinlik-yuvarlak-yaka-dusuk-kol-kesimi-ve-goguste-tek-tarafli-aksesuariyla-tesetturde-sikligi-ve-sadeligi-one-cikarin-a-kesim-gelinlik","status":"publish","type":"product","link":"https:\/\/inarabridal.nl\/tr_tr\/gelinlikler\/a-kesim-dantel-ve-islemeli-detayli-gelinlik-yuvarlak-yaka-dusuk-kol-kesimi-ve-goguste-tek-tarafli-aksesuariyla-tesetturde-sikligi-ve-sadeligi-one-cikarin-a-kesim-gelinlik\/","title":{"rendered":"A Kesim Dantel Ve \u0130\u015flemeli Detayl\u0131 Gelinlik, Yuvarlak Yaka, D\u00fc\u015f\u00fck Kol Kesimi Ve G\u00f6\u011f\u00fcste Tek Tarafl\u0131 Aksesuar\u0131yla Tesett\u00fcrde \u015e\u0131kl\u0131\u011f\u0131 Ve Sadeli\u011fi \u00d6ne \u00c7\u0131kar\u0131n A Kesim Gelinlik"},"content":{"rendered":"","protected":false},"excerpt":{"rendered":"<p>A Kesim Dantel Ve \u0130\u015flemeli Detayl\u0131 Gelinlik, Yuvarlak Yaka, D\u00fc\u015f\u00fck Kol Kesimi Ve G\u00f6\u011f\u00fcste Tek Tarafl\u0131 Aksesuar\u0131yla Tesett\u00fcrde \u015e\u0131kl\u0131\u011f\u0131 Ve Sadeli\u011fi \u00d6ne \u00c7\u0131kar\u0131n A Kesim Gelinlik<\/p>\n","protected":false},"featured_media":6534,"template":"","meta":[],"product_cat":[103],"product_tag":[],"class_list":{"0":"post-6533","1":"product","2":"type-product","3":"status-publish","4":"has-post-thumbnail","6":"product_cat-tesettur","8":"first","9":"instock","10":"shipping-taxable","11":"product-type-simple"},"_links":{"self":[{"href":"https:\/\/inarabridal.nl\/tr_tr\/wp-json\/wp\/v2\/product\/6533","targetHints":{"allow":["GET"]}}],"collection":[{"href":"https:\/\/inarabridal.nl\/tr_tr\/wp-json\/wp\/v2\/product"}],"about":[{"href":"https:\/\/inarabridal.nl\/tr_tr\/wp-json\/wp\/v2\/types\/product"}],"wp:featuredmedia":[{"embeddable":true,"href":"https:\/\/inarabridal.nl\/tr_tr\/wp-json\/wp\/v2\/media\/6534"}],"wp:attachment":[{"href":"https:\/\/inarabridal.nl\/tr_tr\/wp-json\/wp\/v2\/media?parent=6533"}],"wp:term":[{"taxonomy":"product_cat","embeddable":true,"href":"https:\/\/inarabridal.nl\/tr_tr\/wp-json\/wp\/v2\/product_cat?post=6533"},{"taxonomy":"product_tag","embeddable":true,"href":"https:\/\/inarabridal.nl\/tr_tr\/wp-json\/wp\/v2\/product_tag?post=6533"}],"curies":[{"name":"wp","href":"https:\/\/api.w.org\/{rel}","templated":true}]}}